{"id":90437,"date":"2021-04-26T08:34:03","date_gmt":"2021-04-26T08:34:03","guid":{"rendered":"https:\/\/kurtakademia.hu\/family-business-3\/"},"modified":"2023-04-04T15:04:24","modified_gmt":"2023-04-04T15:04:24","slug":"family-business-3","status":"publish","type":"page","link":"https:\/\/kurtakademia.hu\/en\/family-business-3\/","title":{"rendered":"Family Constitution"},"content":{"rendered":"\n<p>\n\nGener\u00e1ci\u00f3v\u00e1lt\u00e1s ajt\u00f3csapkod\u00e1s n\u00e9lk\u00fcl\n\n<\/p>\n","protected":false},"excerpt":{"rendered":"<p>Gener\u00e1ci\u00f3v\u00e1lt\u00e1s ajt\u00f3csapkod\u00e1s n\u00e9lk\u00fcl [...]<\/p>\n","protected":false},"author":1,"featured_media":87452,"parent":0,"menu_order":0,"comment_status":"closed","ping_status":"closed","template":"page-templates\/family-business.php","meta":{"_seopress_robots_primary_cat":"","_seopress_titles_title":"Family Business Program - K\u00dcRT Akad\u00e9mia","_seopress_titles_desc":"Most of our Family Business experts are family entrepreneurs, owners. They fully understand the challenges a family company faces.","_seopress_robots_index":""},"_links":{"self":[{"href":"https:\/\/kurtakademia.hu\/en\/wp-json\/wp\/v2\/pages\/90437"}],"collection":[{"href":"https:\/\/kurtakademia.hu\/en\/wp-json\/wp\/v2\/pages"}],"about":[{"href":"https:\/\/kurtakademia.hu\/en\/wp-json\/wp\/v2\/types\/page"}],"author":[{"embeddable":true,"href":"https:\/\/kurtakademia.hu\/en\/wp-json\/wp\/v2\/users\/1"}],"replies":[{"embeddable":true,"href":"https:\/\/kurtakademia.hu\/en\/wp-json\/wp\/v2\/comments?post=90437"}],"version-history":[{"count":2,"href":"https:\/\/kurtakademia.hu\/en\/wp-json\/wp\/v2\/pages\/90437\/revisions"}],"predecessor-version":[{"id":98275,"href":"https:\/\/kurtakademia.hu\/en\/wp-json\/wp\/v2\/pages\/90437\/revisions\/98275"}],"wp:featuredmedia":[{"embeddable":true,"href":"https:\/\/kurtakademia.hu\/en\/wp-json\/wp\/v2\/media\/87452"}],"wp:attachment":[{"href":"https:\/\/kurtakademia.hu\/en\/wp-json\/wp\/v2\/media?parent=90437"}],"curies":[{"name":"wp","href":"https:\/\/api.w.org\/{rel}","templated":true}]}}